{"id":461,"date":"2020-04-23T18:05:53","date_gmt":"2020-04-23T21:05:53","guid":{"rendered":"http:\/\/fastlogic.com.br\/?page_id=461"},"modified":"2020-07-17T20:36:37","modified_gmt":"2020-07-17T23:36:37","slug":"seguranca-eletronica","status":"publish","type":"page","link":"https:\/\/fastlogic.com.br\/?page_id=461","title":{"rendered":"Seguran\u00e7a Eletr\u00f4nica"},"content":{"rendered":"<p>As aplica\u00e7\u00f5es da seguran\u00e7a eletr\u00f4nica s\u00e3o muitas: Resid\u00eancias, pousadas, empresas, institui\u00e7\u00f5es financeiras, apartamentos, aeroportos, hospitais, lojas de departamento, Joalherias, condom\u00ednios, estacionamentos, postos de gasolina, ind\u00fastrias, casas de veraneio, etc.<\/p>\n<p>Trabalhamos com os mais modernos\u00a0equipamentos de seguran\u00e7a, utilizando o que h\u00e1 de mais avan\u00e7ado em tecnologia de v\u00eddeo digital.<\/p>\n<p>Segue abaixo as caracter\u00edsticas dos equipamentos que comercializamos:<\/p>\n<p>Web-Server embutido: Pode-se visualizar as c\u00e2meras atrav\u00e9s\u00a0do celular, iPad ou computador, via\u00a0Internet Explorer. O usu\u00e1rio ver\u00e1 as imagens em tempo real pela rede local ou internet, em qualquer lugar do mundo com toda a seguran\u00e7a, assim como administrar o sistema de qualquer local remotamente.<\/p>\n<p>Grava as imagens das c\u00e2meras diretamente no HD, com resolu\u00e7\u00e3o at\u00e9 4K, al\u00e9m da reciclagem inteligente de grava\u00e7\u00e3o.<\/p>\n<p>Possibilita a f\u00e1cil localiza\u00e7\u00e3o de imagens gravadas: C\u00e2mera lenta, hor\u00e1rios, datas, c\u00e2meras individuais, etc.<\/p>\n<p>Modos de Grava\u00e7\u00e3o: Detec\u00e7\u00e3o de Movimento \/ Continua \/ Program\u00e1vel. (Economia de tempo de grava\u00e7\u00e3o) Exemplo: De segunda \u00e0 sexta-feira: das 08h00 \u00e0s 18h00, s\u00e1bado: das 08h00 \u00e0s 12h00 e domingo n\u00e3o gravar.<\/p>\n<p>\u00c9 poss\u00edvel observar os eventos \u00e0 noite sem o conhecimento dos eventuais intrusos, atrav\u00e9s do uso de c\u00e2meras com infravermelho.<\/p>\n<p>Autentica\u00e7\u00e3o por Marca D\u2019\u00e1gua Digital.<\/p>\n<p>Detec\u00e7\u00e3o de perda de sinal de V\u00eddeo e Zoom das imagens gravadas.<\/p>\n<p>As c\u00e2meras funcionam como sensores de presen\u00e7a e podem gravar um evento de movimento com 5 segundos de anteced\u00eancia para a observa\u00e7\u00e3o do que aconteceu ANTES da detec\u00e7\u00e3o do movimento.<\/p>\n<p>Tecnologia com\u00a0m\u00faltiplas zonas de detec\u00e7\u00e3o (Escudo inteligente para a grava\u00e7\u00e3o e visualiza\u00e7\u00e3o em \u00e1reas espec\u00edficas, nome e n\u00famero das mesmas) e ajuste de sensibilidade em cada c\u00e2mera.<\/p>\n<p>Painel de Controle de PTZ: RS422\/RS485 (Suporte \u00e0 Speed Dome)<\/p>\n<p>Prote\u00e7\u00e3o por senha de v\u00e1rios n\u00edveis: Administrador, Operador e Usu\u00e1rio.<\/p>\n<p>Suporte a DNS e IPs din\u00e2micos, permitindo aos usu\u00e1rios remotos\u00a0a busca inteligente dos servidores.<\/p>\n<p>Outras solu\u00e7\u00f5es de seguran\u00e7a dispon\u00edveis:<\/p>\n<p>Alarmes com aplicativo no celular (Proteja seu patrim\u00f4nio)<br \/>\nCercas El\u00e9tricas (Seguran\u00e7a contra invasores)<br \/>\nSensores Perimetrais (Prote\u00e7\u00e3o com eleg\u00e2ncia)<br \/>\nC\u00e2meras Camufladas (Monitore discretamente)<br \/>\nV\u00eddeo Porteiros (Comodidade de atendimento)<\/p>\n","protected":false},"excerpt":{"rendered":"<p>As aplica\u00e7\u00f5es da seguran\u00e7a eletr\u00f4nica s\u00e3o muitas: Resid\u00eancias, pousadas, empresas, institui\u00e7\u00f5es financeiras, apartamentos, aeroportos, hospitais, lojas de departamento, Joalherias, condom\u00ednios, estacionamentos, postos de gasolina, ind\u00fastrias, casas de veraneio, etc. Trabalhamos com os mais modernos\u00a0equipamentos de seguran\u00e7a, utilizando o que h\u00e1 de mais avan\u00e7ado em tecnologia de v\u00eddeo digital. Segue abaixo as caracter\u00edsticas dos equipamentos que [&hellip;]<\/p>\n","protected":false},"author":1,"featured_media":0,"parent":169,"menu_order":0,"comment_status":"open","ping_status":"closed","template":"","meta":{"saved_in_kubio":false,"footnotes":""},"kubio_ai_page_context":{"short_desc":"","purpose":"general"},"_links":{"self":[{"href":"https:\/\/fastlogic.com.br\/index.php?rest_route=\/wp\/v2\/pages\/461"}],"collection":[{"href":"https:\/\/fastlogic.com.br\/index.php?rest_route=\/wp\/v2\/pages"}],"about":[{"href":"https:\/\/fastlogic.com.br\/index.php?rest_route=\/wp\/v2\/types\/page"}],"author":[{"embeddable":true,"href":"https:\/\/fastlogic.com.br\/index.php?rest_route=\/wp\/v2\/users\/1"}],"replies":[{"embeddable":true,"href":"https:\/\/fastlogic.com.br\/index.php?rest_route=%2Fwp%2Fv2%2Fcomments&post=461"}],"version-history":[{"count":13,"href":"https:\/\/fastlogic.com.br\/index.php?rest_route=\/wp\/v2\/pages\/461\/revisions"}],"predecessor-version":[{"id":686,"href":"https:\/\/fastlogic.com.br\/index.php?rest_route=\/wp\/v2\/pages\/461\/revisions\/686"}],"up":[{"embeddable":true,"href":"https:\/\/fastlogic.com.br\/index.php?rest_route=\/wp\/v2\/pages\/169"}],"wp:attachment":[{"href":"https:\/\/fastlogic.com.br\/index.php?rest_route=%2Fwp%2Fv2%2Fmedia&parent=461"}],"curies":[{"name":"wp","href":"https:\/\/api.w.org\/{rel}","templated":true}]}}