{"id":165,"date":"2013-06-21T21:04:13","date_gmt":"2013-06-21T21:04:13","guid":{"rendered":"http:\/\/fastlogic.com.br\/?page_id=165"},"modified":"2020-07-17T12:43:12","modified_gmt":"2020-07-17T15:43:12","slug":"a-empresa","status":"publish","type":"page","link":"https:\/\/fastlogic.com.br\/?page_id=165","title":{"rendered":"Sobre"},"content":{"rendered":"<p>A Fastlogic oferece hoje alta qualidade na implanta\u00e7\u00e3o de sistemas de seguran\u00e7a eletr\u00f4nica e suporte t\u00e9cnico em inform\u00e1tica do mercado, desde o in\u00edcio de suas atividades em meados de 1997.<\/p>\n<p>Devido \u00e0\u00a0seriedade\u00a0com que os\u00a0nossos servi\u00e7os s\u00e3o executados e o nosso compromisso com a qualidade e cumprimento de prazos, al\u00e9m da unidade S\u00e3o Paulo, nossa empresa oferece atendimento para empresas, resid\u00eancias e ind\u00fastrias em Florian\u00f3polis desde 2003.<\/p>\n<p>Nossos t\u00e9cnicos, funcion\u00e1rios e vendedores atualizam-se constantemente em cursos de especializa\u00e7\u00e3o, assim como nossos equipamentos e t\u00e9cnicas de manuten\u00e7\u00e3o passam por constantes atualiza\u00e7\u00f5es e r\u00edgidos controles de qualidade.<\/p>\n<p>Desejamos estar sempre \u00e0\u00a0 frente no que se refere \u00e0 tecnologia em seguran\u00e7a eletr\u00f4nica e inform\u00e1tica\u00a0e continuar com a credibilidade que conquistamos nesses mais de 20 anos de mercado. \u00c9 isso que tem nos motivado dia a dia.<\/p>\n<p>Conhe\u00e7a aqui nossa linha de produtos e servi\u00e7os que vai de solu\u00e7\u00f5es em seguran\u00e7a eletr\u00f4nica\u00a0\u00e0 manuten\u00e7\u00e3o de computadores, incluindo computadores Apple, servi\u00e7os e vendas de equipamentos de seguran\u00e7a, inform\u00e1tica e perif\u00e9ricos.<\/p>\n","protected":false},"excerpt":{"rendered":"<p>A Fastlogic oferece hoje alta qualidade na implanta\u00e7\u00e3o de sistemas de seguran\u00e7a eletr\u00f4nica e suporte t\u00e9cnico em inform\u00e1tica do mercado, desde o in\u00edcio de suas atividades em meados de 1997. Devido \u00e0\u00a0seriedade\u00a0com que os\u00a0nossos servi\u00e7os s\u00e3o executados e o nosso compromisso com a qualidade e cumprimento de prazos, al\u00e9m da unidade S\u00e3o Paulo, nossa empresa [&hellip;]<\/p>\n","protected":false},"author":1,"featured_media":0,"parent":0,"menu_order":0,"comment_status":"closed","ping_status":"closed","template":"","meta":{"saved_in_kubio":false,"footnotes":""},"kubio_ai_page_context":{"short_desc":"","purpose":"general"},"_links":{"self":[{"href":"https:\/\/fastlogic.com.br\/index.php?rest_route=\/wp\/v2\/pages\/165"}],"collection":[{"href":"https:\/\/fastlogic.com.br\/index.php?rest_route=\/wp\/v2\/pages"}],"about":[{"href":"https:\/\/fastlogic.com.br\/index.php?rest_route=\/wp\/v2\/types\/page"}],"author":[{"embeddable":true,"href":"https:\/\/fastlogic.com.br\/index.php?rest_route=\/wp\/v2\/users\/1"}],"replies":[{"embeddable":true,"href":"https:\/\/fastlogic.com.br\/index.php?rest_route=%2Fwp%2Fv2%2Fcomments&post=165"}],"version-history":[{"count":16,"href":"https:\/\/fastlogic.com.br\/index.php?rest_route=\/wp\/v2\/pages\/165\/revisions"}],"predecessor-version":[{"id":696,"href":"https:\/\/fastlogic.com.br\/index.php?rest_route=\/wp\/v2\/pages\/165\/revisions\/696"}],"wp:attachment":[{"href":"https:\/\/fastlogic.com.br\/index.php?rest_route=%2Fwp%2Fv2%2Fmedia&parent=165"}],"curies":[{"name":"wp","href":"https:\/\/api.w.org\/{rel}","templated":true}]}}